{"id":6,"date":"2017-11-27T16:38:07","date_gmt":"2017-11-27T16:38:07","guid":{"rendered":"http:\/\/studiofotograficznegdansk.pl\/?page_id=2"},"modified":"2022-08-31T14:03:18","modified_gmt":"2022-08-31T13:03:18","slug":"about","status":"publish","type":"page","link":"https:\/\/studiofotogdansk.pl\/","title":{"rendered":"Studio fotograficzne CZAPLE"},"content":{"rendered":"<p><a href=\"http:\/\/studiofotogdansk.pl\/wp-content\/uploads\/2017\/11\/Studio-Foto-1.jpg\"><img loading=\"lazy\" decoding=\"async\" class=\"size-large wp-image-9 aligncenter\" src=\"http:\/\/studiofotogdansk.pl\/wp-content\/uploads\/2017\/11\/Studio-Foto-1-1024x683.jpg\" alt=\"\" width=\"732\" height=\"488\" srcset=\"https:\/\/studiofotogdansk.pl\/wp-content\/uploads\/2017\/11\/Studio-Foto-1-1024x683.jpg 1024w, https:\/\/studiofotogdansk.pl\/wp-content\/uploads\/2017\/11\/Studio-Foto-1-300x200.jpg 300w, https:\/\/studiofotogdansk.pl\/wp-content\/uploads\/2017\/11\/Studio-Foto-1-768x512.jpg 768w, https:\/\/studiofotogdansk.pl\/wp-content\/uploads\/2017\/11\/Studio-Foto-1-1200x800.jpg 1200w, https:\/\/studiofotogdansk.pl\/wp-content\/uploads\/2017\/11\/Studio-Foto-1.jpg 1500w\" sizes=\"auto, (max-width: 732px) 100vw, 732px\" \/><\/a><\/p>\n<h4>Studio fotograficzne o niezwyk\u0142ym klimacie w ponad stuletniej stodole.<\/h4>\n<p>Wyposa\u017cenie podstawowe:<br \/>\n&#8211; Lampa MSN 800 V \u2013 1 szt.<br \/>\n&#8211; Lapmy MSN 600 V \u2013 2 szt.<br \/>\n&#8211; Lampa MSN 400 V \u2013 1 szt.<br \/>\nWszystkie lampy synchronizuj\u0105 si\u0119 z kr\u00f3tkimi czasami migawki (HSS).<br \/>\n&#8211; Wyzwalacze radiowe TRS-V \u2013 2 szt. (uniwersalne dzia\u0142aj\u0105ce z Canonem i Nikonem)<br \/>\n&#8211; Wyzwalacz radiowy TRA6C \u2013 1 szt (do Canona)<br \/>\n&#8211; Modyfikatory: strip 30&#215;140, softbox 80&#215;120, softbox 40&#215;60, beauty dish 55 cm<br \/>\n&#8211; T\u0142a kartonowe 1,36&#215;5,5 m, 2,72&#215;5,5 m<br \/>\n&#8211; Czasze, wrota, plastry miodu, statywy, boom, uchwyty super clamp, plexi\u2026<br \/>\nWyposa\u017cenie mo\u017ce by\u0107 uzupe\u0142niane w miar\u0119 potrzeb zleceniodawc\u00f3w.<\/p>\n<p>Cena wynajmu:<br \/>\n&#8211; 1 godzina &#8211; do uzgodnienia telefonicznie<br \/>\n&#8211; zniszczone t\u0142o 1m &#8211; 30 z\u0142.<\/p>\n<p>Do dyspozycji jest r\u00f3wnie\u017c telewizor HD 46 cali z mo\u017cliwo\u015bci\u0105 prezentacji zdj\u0119\u0107 z pendriva.<\/p>\n<p>Dojazd z Gda\u0144ska jest \u0142atwy (ulic\u0105 Kartusk\u0105\/Alej\u0105 Lipow\u0105 lub S\u0142owackiego\/Budowlanych), a obok studia jest mo\u017cliwo\u015b\u0107 bezpiecznego parkowania nawet kilku samochod\u00f3w.<br \/>\nStudio wyposa\u017cone jest w garderob\u0119 i \u0142azienk\u0119. Ogrzewanie pod\u0142ogowe zapewni komfort cieplny.<br \/>\nWymiary studia:<br \/>\n10.4 m x 4.7 m; wysoko\u015b\u0107 ponad 3 m.<br \/>\nMaksymalne odej\u015bcie 10 m.<\/p>\n<p><a href=\"http:\/\/studiofotogdansk.pl\/wp-content\/uploads\/2017\/11\/Wymiary1a.gif\"><img loading=\"lazy\" decoding=\"async\" class=\"size-full wp-image-16 aligncenter\" src=\"http:\/\/studiofotogdansk.pl\/wp-content\/uploads\/2017\/11\/Wymiary1a.gif\" alt=\"\" width=\"912\" height=\"452\"><\/a><a href=\"http:\/\/studiofotogdansk.pl\/wp-content\/uploads\/2017\/11\/Studio-Foto-6.jpg\"><img loading=\"lazy\" decoding=\"async\" class=\"size-large wp-image-11 aligncenter\" src=\"http:\/\/studiofotogdansk.pl\/wp-content\/uploads\/2017\/11\/Studio-Foto-6-1024x683.jpg\" alt=\"\" width=\"732\" height=\"488\" srcset=\"https:\/\/studiofotogdansk.pl\/wp-content\/uploads\/2017\/11\/Studio-Foto-6-1024x683.jpg 1024w, https:\/\/studiofotogdansk.pl\/wp-content\/uploads\/2017\/11\/Studio-Foto-6-300x200.jpg 300w, https:\/\/studiofotogdansk.pl\/wp-content\/uploads\/2017\/11\/Studio-Foto-6-768x512.jpg 768w, https:\/\/studiofotogdansk.pl\/wp-content\/uploads\/2017\/11\/Studio-Foto-6-1200x800.jpg 1200w, https:\/\/studiofotogdansk.pl\/wp-content\/uploads\/2017\/11\/Studio-Foto-6.jpg 1500w\" sizes=\"auto, (max-width: 732px) 100vw, 732px\" \/><\/a><a href=\"http:\/\/studiofotogdansk.pl\/wp-content\/uploads\/2017\/11\/Studio-Foto-5.jpg\"><img loading=\"lazy\" decoding=\"async\" class=\"size-large wp-image-10 aligncenter\" src=\"http:\/\/studiofotogdansk.pl\/wp-content\/uploads\/2017\/11\/Studio-Foto-5-1024x683.jpg\" alt=\"\" width=\"732\" height=\"488\" srcset=\"https:\/\/studiofotogdansk.pl\/wp-content\/uploads\/2017\/11\/Studio-Foto-5-1024x683.jpg 1024w, https:\/\/studiofotogdansk.pl\/wp-content\/uploads\/2017\/11\/Studio-Foto-5-300x200.jpg 300w, https:\/\/studiofotogdansk.pl\/wp-content\/uploads\/2017\/11\/Studio-Foto-5-768x512.jpg 768w, https:\/\/studiofotogdansk.pl\/wp-content\/uploads\/2017\/11\/Studio-Foto-5-1200x800.jpg 1200w, https:\/\/studiofotogdansk.pl\/wp-content\/uploads\/2017\/11\/Studio-Foto-5.jpg 1500w\" sizes=\"auto, (max-width: 732px) 100vw, 732px\" \/><\/a>Pierwszym klientem studia by\u0142 pan Szymon Zdu\u0144czyk z sesj\u0105 zdj\u0119ciow\u0105 dla<br \/>\nNova Roll Group sp. z o. o.<\/p>\n<p><a href=\"http:\/\/studiofotogdansk.pl\/wp-content\/uploads\/2017\/11\/Studio-Foto-9.jpg\"><img loading=\"lazy\" decoding=\"async\" class=\"size-large wp-image-12 aligncenter\" src=\"http:\/\/studiofotogdansk.pl\/wp-content\/uploads\/2017\/11\/Studio-Foto-9-1024x683.jpg\" alt=\"\" width=\"732\" height=\"488\" srcset=\"https:\/\/studiofotogdansk.pl\/wp-content\/uploads\/2017\/11\/Studio-Foto-9-1024x683.jpg 1024w, https:\/\/studiofotogdansk.pl\/wp-content\/uploads\/2017\/11\/Studio-Foto-9-300x200.jpg 300w, https:\/\/studiofotogdansk.pl\/wp-content\/uploads\/2017\/11\/Studio-Foto-9-768x512.jpg 768w, https:\/\/studiofotogdansk.pl\/wp-content\/uploads\/2017\/11\/Studio-Foto-9-1200x800.jpg 1200w, https:\/\/studiofotogdansk.pl\/wp-content\/uploads\/2017\/11\/Studio-Foto-9.jpg 1500w\" sizes=\"auto, (max-width: 732px) 100vw, 732px\" \/><\/a><\/p>\n<p>Pan Szymon by\u0142 bardzo zadowolony z sesji i studia. Tu mo\u017cna obejrze\u0107 jego film z sesji.<br \/>\n<iframe loading=\"lazy\" title=\"Fotografia reklamowa ta\u015bm. Backstage z sesji zdj\u0119ciowej dla Nova Roll Group\" width=\"580\" height=\"326\" src=\"https:\/\/www.youtube.com\/embed\/X1qjhFT4Q7A?feature=oembed\" frameborder=\"0\" allow=\"accelerometer; autoplay; clipboard-write; encrypted-media; gyroscope; picture-in-picture; web-share\" referrerpolicy=\"strict-origin-when-cross-origin\" allowfullscreen><\/iframe><\/p>\n<p>Studio w czasie pracy dla Almarina Trade s.c<\/p>\n<p><a href=\"http:\/\/studiofotogdansk.pl\/wp-content\/uploads\/2017\/11\/Studio-Foto-11.jpg\"><img loading=\"lazy\" decoding=\"async\" class=\"size-large wp-image-13 aligncenter\" src=\"http:\/\/studiofotogdansk.pl\/wp-content\/uploads\/2017\/11\/Studio-Foto-11-1024x569.jpg\" alt=\"\" width=\"732\" height=\"407\" srcset=\"https:\/\/studiofotogdansk.pl\/wp-content\/uploads\/2017\/11\/Studio-Foto-11-1024x569.jpg 1024w, https:\/\/studiofotogdansk.pl\/wp-content\/uploads\/2017\/11\/Studio-Foto-11-300x167.jpg 300w, https:\/\/studiofotogdansk.pl\/wp-content\/uploads\/2017\/11\/Studio-Foto-11-768x427.jpg 768w, https:\/\/studiofotogdansk.pl\/wp-content\/uploads\/2017\/11\/Studio-Foto-11-1536x853.jpg 1536w, https:\/\/studiofotogdansk.pl\/wp-content\/uploads\/2017\/11\/Studio-Foto-11-1200x667.jpg 1200w, https:\/\/studiofotogdansk.pl\/wp-content\/uploads\/2017\/11\/Studio-Foto-11.jpg 1800w\" sizes=\"auto, (max-width: 732px) 100vw, 732px\" \/><\/a><\/p>\n<p>Zapraszam do kontaktu:<\/p>\n<p>Fotografia Alek Iwaszko<br \/>\n80-298 Gda\u0144sk<br \/>\nCzaple 35 B<br \/>\ntel. 606 904 180<\/p>\n<p><iframe loading=\"lazy\" style=\"border: 0;\" src=\"https:\/\/www.google.com\/maps\/embed?pb=!1m18!1m12!1m3!1d2324.8640127367885!2d18.41591131632559!3d54.35938398020383!2m3!1f0!2f0!3f0!3m2!1i1024!2i768!4f13.1!3m3!1m2!1s0x46fd9e63e94ef06d%3A0xd60fa742bc04fd7a!2sCzaple+35B%2C+80-298+Czaple!5e0!3m2!1spl!2spl!4v1511817028776\" allowfullscreen=\"allowfullscreen\" width=\"600\" height=\"450\" frameborder=\"0\"><\/iframe><br \/>\nPozycja GPS 54.3617, 18.4118<\/p>\n","protected":false},"excerpt":{"rendered":"<p>Studio fotograficzne o niezwyk\u0142ym klimacie w ponad stuletniej stodole. Wyposa\u017cenie podstawowe: &#8211; Lampa MSN 800 V \u2013 1 szt. &#8211; Lapmy MSN 600 V \u2013 2 szt. &#8211; Lampa MSN 400 V \u2013 1 szt. Wszystkie lampy synchronizuj\u0105 si\u0119 z kr\u00f3tkimi czasami migawki (HSS). &#8211; Wyzwalacze radiowe TRS-V \u2013 2 szt. (uniwersalne dzia\u0142aj\u0105ce z Canonem [&hellip;]<\/p>\n","protected":false},"author":1,"featured_media":0,"parent":0,"menu_order":0,"comment_status":"open","ping_status":"open","template":"","meta":{"footnotes":""},"class_list":["post-6","page","type-page","status-publish","hentry"],"_links":{"self":[{"href":"https:\/\/studiofotogdansk.pl\/index.php\/wp-json\/wp\/v2\/pages\/6","targetHints":{"allow":["GET"]}}],"collection":[{"href":"https:\/\/studiofotogdansk.pl\/index.php\/wp-json\/wp\/v2\/pages"}],"about":[{"href":"https:\/\/studiofotogdansk.pl\/index.php\/wp-json\/wp\/v2\/types\/page"}],"author":[{"embeddable":true,"href":"https:\/\/studiofotogdansk.pl\/index.php\/wp-json\/wp\/v2\/users\/1"}],"replies":[{"embeddable":true,"href":"https:\/\/studiofotogdansk.pl\/index.php\/wp-json\/wp\/v2\/comments?post=6"}],"version-history":[{"count":1,"href":"https:\/\/studiofotogdansk.pl\/index.php\/wp-json\/wp\/v2\/pages\/6\/revisions"}],"predecessor-version":[{"id":34,"href":"https:\/\/studiofotogdansk.pl\/index.php\/wp-json\/wp\/v2\/pages\/6\/revisions\/34"}],"wp:attachment":[{"href":"https:\/\/studiofotogdansk.pl\/index.php\/wp-json\/wp\/v2\/media?parent=6"}],"curies":[{"name":"wp","href":"https:\/\/api.w.org\/{rel}","templated":true}]}}